{"id":4050,"date":"2023-01-10T07:14:46","date_gmt":"2023-01-10T12:14:46","guid":{"rendered":"https:\/\/hotelchateaubleau.com\/?page_id=4050"},"modified":"2025-11-23T13:11:11","modified_gmt":"2025-11-23T18:11:11","slug":"trabajo","status":"publish","type":"page","link":"https:\/\/hotelchateaubleau.com\/es\/trabajo\/","title":{"rendered":"Trabajo"},"content":{"rendered":"<h2 class=\"sub-heading mt-5\">\u00a1Estamos contratando!<\/h2>\n<p class=\"sub-heading mt-5\">Llena el formulario de solicitud para formar parte de nuestro gran equipo. Te contactaremos pronto.<\/p>\n<style id=\"wpforms-css-vars-14924\">\n\t\t\t\t#wpforms-14924 {\n\t\t\t\t--wpforms-container-padding: 0px;\n--wpforms-container-border-width: 1px;\n--wpforms-container-border-radius: 3px;\n--wpforms-background-color: rgba(0, 0, 0, 0);\n--wpforms-field-size-input-height: 43px;\n--wpforms-field-size-input-spacing: 15px;\n--wpforms-field-size-font-size: 16px;\n--wpforms-field-size-line-height: 19px;\n--wpforms-field-size-padding-h: 14px;\n--wpforms-field-size-checkbox-size: 16px;\n--wpforms-field-size-sublabel-spacing: 5px;\n--wpforms-field-size-icon-size: 1;\n--wpforms-label-size-font-size: 16px;\n--wpforms-label-size-line-height: 19px;\n--wpforms-label-size-sublabel-font-size: 14px;\n--wpforms-label-size-sublabel-line-height: 17px;\n--wpforms-button-size-font-size: 17px;\n--wpforms-button-size-height: 41px;\n--wpforms-button-size-padding-h: 15px;\n--wpforms-button-size-margin-top: 10px;\n--wpforms-container-shadow-size-box-shadow: none;\n\t\t\t}\n\t\t\t<\/style><div class=\"wpforms-container wpforms-container-full wpforms-render-modern\" id=\"wpforms-14924\"><form id=\"wpforms-form-14924\" class=\"wpforms-validate wpforms-form wpforms-ajax-form\" data-formid=\"14924\" method=\"post\" enctype=\"multipart\/form-data\" action=\"\/es\/wp-json\/wp\/v2\/pages\/4050\" data-token=\"3c808e2017f7bda0a77505197aee26c0\" data-token-time=\"1777484109\"><noscript class=\"wpforms-error-noscript\">Por favor, activa JavaScript en tu navegador para completar este formulario.<\/noscript><div id=\"wpforms-error-noscript\" style=\"display: none;\">Por favor, activa JavaScript en tu navegador para completar este formulario.<\/div><div class=\"wpforms-field-container\"><div id=\"wpforms-14924-field_1-container\" class=\"wpforms-field wpforms-field-name\" data-field-id=\"1\"><fieldset><legend class=\"wpforms-field-label\">Tu nombre y apellido(s) <span class=\"wpforms-required-label\" aria-hidden=\"true\">*<\/span><\/legend><div class=\"wpforms-field-row wpforms-field-medium\"><div class=\"wpforms-field-row-block wpforms-first wpforms-one-half\"><input type=\"text\" id=\"wpforms-14924-field_1\" class=\"wpforms-field-name-first wpforms-field-required\" name=\"wpforms[fields][1][first]\" aria-errormessage=\"wpforms-14924-field_1-error\" required><label for=\"wpforms-14924-field_1\" class=\"wpforms-field-sublabel after\">Nombre<\/label><\/div><div class=\"wpforms-field-row-block wpforms-one-half\"><input type=\"text\" id=\"wpforms-14924-field_1-last\" class=\"wpforms-field-name-last wpforms-field-required\" name=\"wpforms[fields][1][last]\" aria-errormessage=\"wpforms-14924-field_1-last-error\" required><label for=\"wpforms-14924-field_1-last\" class=\"wpforms-field-sublabel after\">Apellidos<\/label><\/div><\/div><\/fieldset><\/div><div id=\"wpforms-14924-field_2-container\" class=\"wpforms-field wpforms-field-email\" data-field-id=\"2\"><fieldset><legend class=\"wpforms-field-label\">Tu direcci\u00f3n de correo-e <span class=\"wpforms-required-label\" aria-hidden=\"true\">*<\/span><\/legend><div class=\"wpforms-field-row wpforms-field-medium\"><div class=\"wpforms-field-row-block wpforms-one-half wpforms-first\"><input type=\"email\" id=\"wpforms-14924-field_2\" class=\"wpforms-field-required wpforms-field-email-primary\" name=\"wpforms[fields][2][primary]\" spellcheck=\"false\" aria-errormessage=\"wpforms-14924-field_2-error\" required><label for=\"wpforms-14924-field_2\" class=\"wpforms-field-sublabel after\">Correo electr\u00f3nico<\/label><\/div><div class=\"wpforms-field-row-block wpforms-one-half\"><input type=\"email\" id=\"wpforms-14924-field_2-secondary\" class=\"wpforms-field-email-secondary wpforms-field-required\" data-rule-confirm=\"#wpforms-14924-field_2\" name=\"wpforms[fields][2][secondary]\" spellcheck=\"false\" aria-errormessage=\"wpforms-14924-field_2-secondary-error\" required><label for=\"wpforms-14924-field_2-secondary\" class=\"wpforms-field-sublabel after\">Confirmar el correo electr\u00f3nico<\/label><\/div><\/div><\/fieldset><\/div><div id=\"wpforms-14924-field_3-container\" class=\"wpforms-field wpforms-field-text\" data-field-id=\"3\"><label class=\"wpforms-field-label\" for=\"wpforms-14924-field_3\">Tu n\u00famero de tel\u00e9fono completo <span class=\"wpforms-required-label\" aria-hidden=\"true\">*<\/span><\/label><input type=\"text\" id=\"wpforms-14924-field_3\" class=\"wpforms-field-medium wpforms-field-required\" name=\"wpforms[fields][3]\" aria-errormessage=\"wpforms-14924-field_3-error\" aria-describedby=\"wpforms-14924-field_3-description\" required><div id=\"wpforms-14924-field_3-description\" class=\"wpforms-field-description\">Favor incluir el c\u00f3digo de pa\u00eds si es un n\u00famero fuera de los Estados Unidos.<\/div><\/div><div id=\"wpforms-14924-field_4-container\" class=\"wpforms-field wpforms-field-checkbox\" data-field-id=\"4\"><fieldset><legend class=\"wpforms-field-label\">Puesto deseado <span class=\"wpforms-required-label\" aria-hidden=\"true\">*<\/span><\/legend><ul id=\"wpforms-14924-field_4\" class=\"wpforms-field-required\"><li class=\"choice-1 depth-1\"><input type=\"checkbox\" id=\"wpforms-14924-field_4_1\" name=\"wpforms[fields][4][]\" value=\"Recepcionista del hotel\" aria-errormessage=\"wpforms-14924-field_4_1-error\" aria-describedby=\"wpforms-14924-field_4-description\" required ><label class=\"wpforms-field-label-inline\" for=\"wpforms-14924-field_4_1\">Recepcionista del hotel<\/label><\/li><li class=\"choice-2 depth-1\"><input type=\"checkbox\" id=\"wpforms-14924-field_4_2\" name=\"wpforms[fields][4][]\" value=\"Supervisor\/a de recepci\u00f3n\" aria-errormessage=\"wpforms-14924-field_4_2-error\" aria-describedby=\"wpforms-14924-field_4-description\" required ><label class=\"wpforms-field-label-inline\" for=\"wpforms-14924-field_4_2\">Supervisor\/a de recepci\u00f3n<\/label><\/li><li class=\"choice-3 depth-1\"><input type=\"checkbox\" id=\"wpforms-14924-field_4_3\" name=\"wpforms[fields][4][]\" value=\"Botones\" aria-errormessage=\"wpforms-14924-field_4_3-error\" aria-describedby=\"wpforms-14924-field_4-description\" required ><label class=\"wpforms-field-label-inline\" for=\"wpforms-14924-field_4_3\">Botones<\/label><\/li><li class=\"choice-4 depth-1\"><input type=\"checkbox\" id=\"wpforms-14924-field_4_4\" name=\"wpforms[fields][4][]\" value=\"Mucam@\" aria-errormessage=\"wpforms-14924-field_4_4-error\" aria-describedby=\"wpforms-14924-field_4-description\" required ><label class=\"wpforms-field-label-inline\" for=\"wpforms-14924-field_4_4\">Mucam@<\/label><\/li><li class=\"choice-5 depth-1\"><input type=\"checkbox\" id=\"wpforms-14924-field_4_5\" name=\"wpforms[fields][4][]\" value=\"T\u00e9cnic@ de mantenimiento\" aria-errormessage=\"wpforms-14924-field_4_5-error\" aria-describedby=\"wpforms-14924-field_4-description\" required ><label class=\"wpforms-field-label-inline\" for=\"wpforms-14924-field_4_5\">T\u00e9cnic@ de mantenimiento<\/label><\/li><li class=\"choice-6 depth-1\"><input type=\"checkbox\" id=\"wpforms-14924-field_4_6\" name=\"wpforms[fields][4][]\" value=\"Meser@-Moz@\" aria-errormessage=\"wpforms-14924-field_4_6-error\" aria-describedby=\"wpforms-14924-field_4-description\" required ><label class=\"wpforms-field-label-inline\" for=\"wpforms-14924-field_4_6\">Meser@-Moz@<\/label><\/li><li class=\"choice-7 depth-1\"><input type=\"checkbox\" id=\"wpforms-14924-field_4_7\" name=\"wpforms[fields][4][]\" value=\"Cantiner@\" aria-errormessage=\"wpforms-14924-field_4_7-error\" aria-describedby=\"wpforms-14924-field_4-description\" required ><label class=\"wpforms-field-label-inline\" for=\"wpforms-14924-field_4_7\">Cantiner@<\/label><\/li><li class=\"choice-8 depth-1\"><input type=\"checkbox\" id=\"wpforms-14924-field_4_8\" name=\"wpforms[fields][4][]\" value=\"Anfitri\u00f3n\/a del restaurante\" aria-errormessage=\"wpforms-14924-field_4_8-error\" aria-describedby=\"wpforms-14924-field_4-description\" required ><label class=\"wpforms-field-label-inline\" for=\"wpforms-14924-field_4_8\">Anfitri\u00f3n\/a del restaurante<\/label><\/li><li class=\"choice-9 depth-1\"><input type=\"checkbox\" id=\"wpforms-14924-field_4_9\" name=\"wpforms[fields][4][]\" value=\"Cociner@ prep\" aria-errormessage=\"wpforms-14924-field_4_9-error\" aria-describedby=\"wpforms-14924-field_4-description\" required ><label class=\"wpforms-field-label-inline\" for=\"wpforms-14924-field_4_9\">Cociner@ prep<\/label><\/li><\/ul><div id=\"wpforms-14924-field_4-description\" class=\"wpforms-field-description\">Si\u00e9nte libre de marcar todos los puestos que te interesen.<\/div><\/fieldset><\/div>\t\t<div id=\"wpforms-14924-field_6-container\"\n\t\t\tclass=\"wpforms-field wpforms-field-text\"\n\t\t\tdata-field-type=\"text\"\n\t\t\tdata-field-id=\"6\"\n\t\t\t>\n\t\t\t<label class=\"wpforms-field-label\" for=\"wpforms-14924-field_6\" >correo-e Tu de<\/label>\n\t\t\t<input type=\"text\" id=\"wpforms-14924-field_6\" class=\"wpforms-field-medium\" name=\"wpforms[fields][6]\" >\n\t\t<\/div>\n\t\t<div id=\"wpforms-14924-field_5-container\" class=\"wpforms-field wpforms-field-textarea\" data-field-id=\"5\"><label class=\"wpforms-field-label\" for=\"wpforms-14924-field_5\">Preparaci\u00f3n y experiencia <span class=\"wpforms-required-label\" aria-hidden=\"true\">*<\/span><\/label><textarea id=\"wpforms-14924-field_5\" class=\"wpforms-field-medium wpforms-field-required\" name=\"wpforms[fields][5]\" aria-errormessage=\"wpforms-14924-field_5-error\" aria-describedby=\"wpforms-14924-field_5-description\" required><\/textarea><div id=\"wpforms-14924-field_5-description\" class=\"wpforms-field-description\">Escribe aqu\u00ed tu preparaci\u00f3n y experiencia. Si tienes curr\u00edculum-hoja de vida-r\u00e9sum\u00e9 en Linkedin u otra red social, puedes incluir un enlace.<\/div><\/div><script>\n\t\t\t\t( function() {\n\t\t\t\t\tconst style = document.createElement( 'style' );\n\t\t\t\t\tstyle.appendChild( document.createTextNode( '#wpforms-14924-field_6-container { position: absolute !important; overflow: hidden !important; display: inline !important; height: 1px !important; width: 1px !important; z-index: -1000 !important; padding: 0 !important; } #wpforms-14924-field_6-container input { visibility: hidden; } #wpforms-conversational-form-page #wpforms-14924-field_6-container label { counter-increment: none; }' ) );\n\t\t\t\t\tdocument.head.appendChild( style );\n\t\t\t\t\tdocument.currentScript?.remove();\n\t\t\t\t} )();\n\t\t\t<\/script><\/div><!-- .wpforms-field-container --><div class=\"wpforms-recaptcha-container wpforms-is-turnstile\" ><div class=\"wpforms-turnstile\" data-sitekey=\"0x4AAAAAACCffGqEdU2I1B_6\" data-action=\"FormID-14924\"><\/div><input type=\"text\" name=\"g-recaptcha-hidden\" class=\"wpforms-recaptcha-hidden\" style=\"position:absolute!important;clip:rect(0,0,0,0)!important;height:1px!important;width:1px!important;border:0!important;overflow:hidden!important;padding:0!important;margin:0!important;\" data-rule-turnstile=\"1\"><\/div><div class=\"wpforms-submit-container\" ><input type=\"hidden\" name=\"wpforms[id]\" value=\"14924\"><input type=\"hidden\" name=\"page_title\" value=\"\"><input type=\"hidden\" name=\"page_url\" value=\"https:\/\/hotelchateaubleau.com\/es\/wp-json\/wp\/v2\/pages\/4050\"><input type=\"hidden\" name=\"url_referer\" value=\"\"><button type=\"submit\" name=\"wpforms[submit]\" id=\"wpforms-submit-14924\" class=\"wpforms-submit\" data-alt-text=\"Enviando\" data-submit-text=\"Enviar\" aria-live=\"assertive\" value=\"wpforms-submit\">Enviar<\/button><img loading=\"lazy\" decoding=\"async\" src=\"https:\/\/hotelchateaubleau.com\/wp-content\/plugins\/wpforms-lite\/assets\/images\/submit-spin.svg\" class=\"wpforms-submit-spinner\" style=\"display: none;\" width=\"26\" height=\"26\" alt=\"Cargando\"><\/div><\/form><\/div>  <!-- .wpforms-container -->\n<p>Al utilizar este formulario, aceptas t\u00e1citamente nuestra <a href=\"https:\/\/hotelchateaubleau.com\/es\/politica-de-privacidad-y-galletas-informaticas\/\" target=\"_blank\" rel=\"nofollow noopener\">pol\u00edtica de privacidad<\/a>.<\/p>\n","protected":false},"excerpt":{"rendered":"<p>\u00a1Estamos contratando! Llena el formulario de solicitud para formar parte de nuestro gran equipo. Te contactaremos pronto. Al utilizar este formulario, aceptas t\u00e1citamente nuestra pol\u00edtica de privacidad.<\/p>\n","protected":false},"author":1,"featured_media":0,"parent":0,"menu_order":0,"comment_status":"closed","ping_status":"closed","template":"","meta":{"footnotes":""},"class_list":["post-4050","page","type-page","status-publish","hentry"],"_links":{"self":[{"href":"https:\/\/hotelchateaubleau.com\/es\/wp-json\/wp\/v2\/pages\/4050","targetHints":{"allow":["GET"]}}],"collection":[{"href":"https:\/\/hotelchateaubleau.com\/es\/wp-json\/wp\/v2\/pages"}],"about":[{"href":"https:\/\/hotelchateaubleau.com\/es\/wp-json\/wp\/v2\/types\/page"}],"author":[{"embeddable":true,"href":"https:\/\/hotelchateaubleau.com\/es\/wp-json\/wp\/v2\/users\/1"}],"replies":[{"embeddable":true,"href":"https:\/\/hotelchateaubleau.com\/es\/wp-json\/wp\/v2\/comments?post=4050"}],"version-history":[{"count":5,"href":"https:\/\/hotelchateaubleau.com\/es\/wp-json\/wp\/v2\/pages\/4050\/revisions"}],"predecessor-version":[{"id":14935,"href":"https:\/\/hotelchateaubleau.com\/es\/wp-json\/wp\/v2\/pages\/4050\/revisions\/14935"}],"wp:attachment":[{"href":"https:\/\/hotelchateaubleau.com\/es\/wp-json\/wp\/v2\/media?parent=4050"}],"curies":[{"name":"wp","href":"https:\/\/api.w.org\/{rel}","templated":true}]}}