{"id":3335,"date":"2021-09-11T15:17:12","date_gmt":"2021-09-11T19:17:12","guid":{"rendered":"https:\/\/hotelchateaubleau.com\/?page_id=3335"},"modified":"2021-09-11T15:17:12","modified_gmt":"2021-09-11T19:17:12","slug":"lanzamientos-de-libros","status":"publish","type":"page","link":"https:\/\/hotelchateaubleau.com\/es\/lanzamientos-de-libros\/","title":{"rendered":"Lanzamientos de libros"},"content":{"rendered":"<h1 style=\"text-align: center;\">\u00bfPor qu\u00e9 nuestro sal\u00f3n Cosmos<br \/>\nconviene m\u00e1s que cualquier librer\u00eda local?<\/h1>\n<p>&nbsp;<\/p>\n<ul>\n<li><strong>Amplio estacionamiento gratuito<\/strong> \u2014 Las librer\u00edas locales tienen estacionamiento muy limitado.<\/li>\n<\/ul>\n<figure class=\"thumbnail wp-caption alignleft\" style=\"width: 6000px\"><img loading=\"lazy\" decoding=\"async\" class=\"size-full\" src=\"https:\/\/miro.medium.com\/proxy\/1*7LInSl7Q--90dhaQekOuaw.jpeg\" alt=\"Allan T\u00ebpper's recent book launch here\" width=\"6000\" height=\"4000\" \/><figcaption class=\"caption wp-caption-text\">El lanzamiento de unos de <span style=\"color: #0000ff;\"><a style=\"color: #0000ff;\" href=\"https:\/\/laconspiraci\u00f3ndelcastellano.com\" target=\"_blank\" rel=\"noopener\">los libros<\/a><\/span> del autor Allan T\u00e9pper en nuestro sal\u00f3n Cosmos.<\/figcaption><\/figure>\n<p>&nbsp;<\/p>\n<p>&nbsp;<\/p>\n<ul>\n<li><b>Tecnolog\u00eda superior de video <\/b>\u2014 Tal como lo ver\u00e1s en la foto, contamos con una pantalla de la vanguardia con entrada HDMI input. Cuenta con suficiente brillo y contraste como para no tener que apagar las luces, salvo que te sientas rom\u00e1ntic@. Las librer\u00edas locales cuentan con videoproyectores anticuados con conexiones VGA del siglo pasado.<\/li>\n<li><strong>No existe ning\u00fan trato de consignaci\u00f3n<\/strong> \u2014 Es tu libro; es tu dinero. \u00a1Qu\u00e9datelo todo para ti!<\/li>\n<li><strong>Comida y bebidas de Mylos<\/strong> \u2014 Durante o despu\u00e9s de tu evento, tus asistentes pueden pedir comida, bebidas o tragos a nuestro premiado restaurante Mylos, que cuenta con comida griega e internacional.<\/li>\n<\/ul>\n<p><img loading=\"lazy\" decoding=\"async\" class=\"alignleft size-full\" src=\"https:\/\/miro.medium.com\/proxy\/1*JLR7KROEuMDTwWnWWkpbWQ.jpeg\" width=\"6000\" height=\"4000\" \/><\/p>\n<ul>\n<li><strong>Espacio amplio para tus invitados<\/strong> \u2014 Nuestro sal\u00f3n Cosmos mide veintiocho por veintiocho pies con un piso de madera.<\/li>\n<\/ul>\n<p>&nbsp;<\/p>\n<p>Llama para reservar tres horas \u2014 <a href=\"tel:+1-305-461-0403\">+1-305-461-0403<\/a><\/p>\n<p><img loading=\"lazy\" decoding=\"async\" class=\"alignleft size-full\" src=\"https:\/\/miro.medium.com\/proxy\/1*hRfjQ2M8UddIGYgOhNNZRg.jpeg\" width=\"6000\" height=\"4000\" \/><\/p>\n","protected":false},"excerpt":{"rendered":"<p>\u00bfPor qu\u00e9 nuestro sal\u00f3n Cosmos conviene m\u00e1s que cualquier librer\u00eda local? &nbsp; Amplio estacionamiento gratuito \u2014 Las librer\u00edas locales tienen estacionamiento muy limitado. &nbsp; &nbsp; Tecnolog\u00eda superior de video \u2014 Tal como lo ver\u00e1s en la foto, contamos con una &hellip; <a href=\"https:\/\/hotelchateaubleau.com\/es\/lanzamientos-de-libros\/\">Continuar<\/a><\/p>\n","protected":false},"author":1,"featured_media":0,"parent":0,"menu_order":0,"comment_status":"closed","ping_status":"closed","template":"","meta":{"footnotes":""},"class_list":["post-3335","page","type-page","status-publish","hentry"],"_links":{"self":[{"href":"https:\/\/hotelchateaubleau.com\/es\/wp-json\/wp\/v2\/pages\/3335","targetHints":{"allow":["GET"]}}],"collection":[{"href":"https:\/\/hotelchateaubleau.com\/es\/wp-json\/wp\/v2\/pages"}],"about":[{"href":"https:\/\/hotelchateaubleau.com\/es\/wp-json\/wp\/v2\/types\/page"}],"author":[{"embeddable":true,"href":"https:\/\/hotelchateaubleau.com\/es\/wp-json\/wp\/v2\/users\/1"}],"replies":[{"embeddable":true,"href":"https:\/\/hotelchateaubleau.com\/es\/wp-json\/wp\/v2\/comments?post=3335"}],"version-history":[{"count":2,"href":"https:\/\/hotelchateaubleau.com\/es\/wp-json\/wp\/v2\/pages\/3335\/revisions"}],"predecessor-version":[{"id":3337,"href":"https:\/\/hotelchateaubleau.com\/es\/wp-json\/wp\/v2\/pages\/3335\/revisions\/3337"}],"wp:attachment":[{"href":"https:\/\/hotelchateaubleau.com\/es\/wp-json\/wp\/v2\/media?parent=3335"}],"curies":[{"name":"wp","href":"https:\/\/api.w.org\/{rel}","templated":true}]}}