{"id":1520,"date":"2019-09-08T18:16:52","date_gmt":"2019-09-08T22:16:52","guid":{"rendered":"https:\/\/hotelchateaubleau.com\/?page_id=1520"},"modified":"2023-06-14T11:43:06","modified_gmt":"2023-06-14T15:43:06","slug":"politica-de-privacidad-y-galletas-informaticas","status":"publish","type":"page","link":"https:\/\/hotelchateaubleau.com\/es\/politica-de-privacidad-y-galletas-informaticas\/","title":{"rendered":"Pol\u00edtica de privacidad y galletas inform\u00e1ticas"},"content":{"rendered":"<h2><span style=\"font-weight: 400;\">Introducci\u00f3n<\/span><\/h2>\n<p><span style=\"font-weight: 400;\">ChateauBleau Inn, Inc. es una empresa de la Florida, Estados Unidos, establecida por en 1984. ChateauBleau Inn, Inc. (incluyendo Hotel ChateauBleau, HotelChateauBleau.com y otros sitios web relacionados, ej. CastilloBelloAzul.com, MylosCoralGables.com, MylosGabletesCoralinos.com y MylosGreekRestaurant.com) quieren que est\u00e9s familiarizad@ con la forma que recogemos, usamos y divulgamos tu informaci\u00f3n. Esta Pol\u00edtica de Privacidad describe nuestras pr\u00e1cticas en conexi\u00f3n con la informaci\u00f3n recogida mediante servicios como los sitios web, sitios web m\u00f3viles, aplicaciones (tambi\u00e9n conocidas como \u201caps\u201d o \u201c<\/span><i><span style=\"font-weight: 400;\">apps<\/span><\/i><span style=\"font-weight: 400;\">\u201d) y artilugios (colectivamente, los \u201cServicios ChateauBleau Inn, Inc.\u201d). Al utilizar los Servicios ChateauBleau Inn, Inc., aceptas los t\u00e9rminos y condiciones de esta Pol\u00edtica de Privacidad.<\/span><\/p>\n<p><span style=\"font-weight: 400;\">Salvo que se indique particularmente en alg\u00fan programa o episodio, los Servicios ChateauBleau Inn, Inc. son para una audiencia general y no est\u00e1n enfocados para ni\u00f1os. No recogemos intencionadamente los datos personales de menores de 13 a\u00f1os.<\/span><\/p>\n<p><span style=\"font-weight: 400;\">Esta Pol\u00edtica de Privacidad se aplica a todos los usuarios, incluyendo los que usan los Servicios ChateauBleau Inn, Inc. sin estar inscritos o sin suscribirse a un Servicio ChateauBleau Inn, Inc. y los que s\u00ed lo han hecho. Esta Pol\u00edtica de Privacidad se aplica a la recogida y uso de tus datos personales (ej. aqu\u00e9llos que te identifican como una persona particular, tales como tu nombre o direcci\u00f3n de correo electr\u00f3nico). Tambi\u00e9n describe generalmente las pol\u00edticas de ChateauBleau Inn, Inc. al manejar informaci\u00f3n no personal (ej. intereses, demograf\u00eda y uso de los servicios).<\/span><\/p>\n<h2><span style=\"font-weight: 400;\">Recogida de informaci\u00f3n<\/span><\/h2>\n<p><span style=\"font-weight: 400;\">ChateauBleau Inn, Inc. y nuestros proveedores de servicio recogemos la siguiente informaci\u00f3n tuya y acerca de ti:<\/span><\/p>\n<p><b>Informaci\u00f3n de inscripci\u00f3n<\/b><span style=\"font-weight: 400;\"> es la que nos das al inscribirte a un Servicio ChateauBleau Inn, Inc., por ejemplo, para crear una cuenta, publicar comentarios, recibir boletines o participar en un concurso. La informaci\u00f3n de inscripci\u00f3n puede incluir, por ejemplo, tu nombre, direcci\u00f3n de correo electr\u00f3nico, ciudad y pa\u00eds.<\/span><\/p>\n<p><b>Informaci\u00f3n p\u00fablica y publicaciones<\/b><span style=\"font-weight: 400;\"> \u00c9stas consisten en comentarios o contenido que publiques a los Servicios ChateauBleau Inn, Inc. y la informaci\u00f3n acerca de tu persona que acompa\u00f1a dichas publicaciones o contenido, lo cual puede incluir tu nombre, nombre de usuario, comentarios, expresi\u00f3n de \u201cMe gusta\u201d o \u201c<\/span><i><span style=\"font-weight: 400;\">Like<\/span><\/i><span style=\"font-weight: 400;\">\u201d si usas tu sistema en ingl\u00e9s, estado civil, informaci\u00f3n de tu perfil y fotograf\u00eda. Tu informaci\u00f3n p\u00fablica y tus publicaciones son siempre p\u00fablicas, lo cual significa que se encuentran disponibles para todos y pueden mostrarse en los resultados de b\u00fasquedas en los motores de b\u00fasqueda externos.<\/span><\/p>\n<p><b>Informaci\u00f3n de los medios sociales.<\/b><span style=\"font-weight: 400;\"> Si accedes o ingresas a un Servicio ChateauBleau Inn, Inc. mediante un servicio de una red social o ligas a un Servicio\u00a0 ChateauBleau Inn, Inc. mediante una red social, la informaci\u00f3n que recogemos puede incluir tu nombre de usuario asociado a dicha red social, cualquier contenido o informaci\u00f3n que hayas permitido a la red social que comparta con nosotros, tales como tu foto de perfil, direcci\u00f3n de correo electr\u00f3nico, lista de amistades y cualquier otra informaci\u00f3n que hayas hecho p\u00fablica mediante dicha red social. Cuando accedes a los Servicios ChateauBleau Inn, Inc. mediante redes sociales o ligas un Servicio ChateauBleau Inn, Inc. con los de las redes sociales, autorizas a ChateauBleau Inn, Inc. para recoger, guardar y usar dicha informaci\u00f3n y datos de acuerdo con esta Pol\u00edtica de Privacidad.<\/span><\/p>\n<p><b>Informaci\u00f3n de actividades.<\/b><span style=\"font-weight: 400;\"> Cuando accedes e interact\u00faas con los Servicios ChateauBleau Inn, Inc., podemos recoger cierta informaci\u00f3n sobre dichas visitas. Por ejemplo, para poder permitir tu conexi\u00f3n con los Servicios ChateauBleau Inn, Inc., nuestros servidores reciben y graban cierta informaci\u00f3n sobre tu computadora, dispositivo y navegador, incluyendo potencialmente tu direcci\u00f3n IP, tipo de navegador y otra informaci\u00f3n sobre tu s\u00f3ftwer o j\u00e1rdwer. Si accedes a los Servicios ChateauBleau Inn, Inc. de un aparato m\u00f3vil, podemos recoger un identificador \u00fanico asignado al mismo, datos sobre su ubicaci\u00f3n u otra informaci\u00f3n que nos suministre. En este momento, no respondemos a las se\u00f1ales de navegador \u201cNo rastrear\u201d, mientras esperamos que las partes interesadas desarrollen las normas necesarias para interpretarlas.<\/span><\/p>\n<p><span style=\"font-weight: 400;\">Las galletas inform\u00e1ticas (\u201c<\/span><i><span style=\"font-weight: 400;\">cookies<\/span><\/i><span style=\"font-weight: 400;\">\u201d) y otras tecnolog\u00edas para rastrear (tales como las galletas de navegadores, p\u00edxeles, baliza web\/faro web y Flash de Adobe) consisten en peque\u00f1os pedazos de datos que frecuentemente incluyen un identificador an\u00f3nimo y \u00fanico. Los sitios web, las aplicaciones y otros servicios env\u00edan estos datos al navegador cuando solicitas inicialmente un sitio web y luego guardan estos datos en la computadora para que el sitio web pueda acceder a informaci\u00f3n cuando haces pedidos posteriores al servicio. Estas tecnolog\u00edas tambi\u00e9n pueden usarse para recoger y guardar informaci\u00f3n sobre el uso de los Servicios ChateauBleau Inn, Inc., tales como las p\u00e1ginas que hayas visitado, el contenido que hayas visto o escuchado, las b\u00fasquedas que hayas hecho y los anuncios que hayas visto o escuchado.<\/span><\/p>\n<p><span style=\"font-weight: 400;\">Las empresas independientes que ayudan a mantener los Servicios ChateauBleau Inn, Inc. al suministrar anuncios publicitarios o servicios, tales como la posibilidad de compartir contenido o rastrear las estad\u00edsticas del uso de los Servicios ChateauBleau Inn, Inc. tambi\u00e9n pueden utilizar estas tecnolog\u00edas para recoger informaci\u00f3n similar. ChateauBleau Inn, Inc. no tiene control sobre las tecnolog\u00edas utilizadas por dichas empresas independientes y su uso es gobernado por las pol\u00edticas de privacidad de cada una. Para m\u00e1s informaci\u00f3n sobre las redes de publicidad independientes y entidades similares que usan estas tecnolog\u00edas, visita <\/span><a href=\"http:\/\/aboutads.info\/consumers\" target=\"_blank\" rel=\"noopener\"><span style=\"font-weight: 400;\">aboutads.info\/consumers<\/span><\/a><span style=\"font-weight: 400;\"> (en ingl\u00e9s), y para darte de las pr\u00e1cticas dedichas redes y servicios, visita <\/span><a href=\"http:\/\/aboutads.info\/choices\" target=\"_blank\" rel=\"noopener\"><span style=\"font-weight: 400;\">aboutads.info\/choices<\/span><\/a><span style=\"font-weight: 400;\"> (en ingl\u00e9s).<\/span><\/p>\n<p><span style=\"font-weight: 400;\">La mayor\u00eda de los navegadores est\u00e1n ajustados inicialmente para aceptar galletas inform\u00e1ticas (\u201c<\/span><i><span style=\"font-weight: 400;\">cookies<\/span><\/i><span style=\"font-weight: 400;\">\u201d), pero puedes cambiar los ajustes para que te notifiquen cuando se fija o cuando se actualiza cada una o para bloquear su uso completamente. Consulta con la secci\u00f3n Ayuda (\u201c<\/span><i><span style=\"font-weight: 400;\">Help<\/span><\/i><span style=\"font-weight: 400;\">\u201d si mantienes tu sistema en ingl\u00e9s) para m\u00e1s informaci\u00f3n. Toma en cuenta que al bloquear algunas o todas las galletas inform\u00e1ticas, probablemente no tendr\u00e1s acceso a ciertas funciones, contenido o personalizaci\u00f3n de los Servicios ChateauBleau Inn, Inc..<\/span><\/p>\n<p><b>Informaci\u00f3n de otras fuentes.<\/b><span style=\"font-weight: 400;\"> Podemos complementar la informaci\u00f3n que recogemos con la de otras fuentes, tales como la que est\u00e1 disponible p\u00fablicamente de las redes sociales, otras comerciales, de los Afiliados de ChateauBleau Inn, Inc. o socios comerciales.<\/span><\/p>\n<h2><span style=\"font-weight: 400;\">Uso y divulgaci\u00f3n<\/span><\/h2>\n<p><span style=\"font-weight: 400;\">Usamos la informaci\u00f3n que recogemos, la tuya y acerca de ti, para poder suministrarte los Servicios ChateauBleau Inn, Inc. y sus funciones, incluyendo: para medir y mejorarlos; para mejorar tu experiencia tanto en l\u00ednea como sin conexi\u00f3n, al brindarte contenido que encontrar\u00e1s relevante e interesante, incluyendo los mensajes de publicidad y mercadeo; para permitirte hacer comentarios y para darte servicio al cliente y responder a tus preguntas. Cuando la informaci\u00f3n recogida \u2014tuya o acerca de ti, no te identifica como individuo particular, podemos utilizarla para cualquier fin o compartirla con terceros.<\/span><\/p>\n<p><span style=\"font-weight: 400;\">Usamos la informaci\u00f3n que recogemos \u2014tuya o acerca de ti para los siguientes prop\u00f3sitos adicionales:<\/span><\/p>\n<p><b>Para permitir a nuestros proveedores de servicios independientes para que nos ayuden a ayudarnos a brindar y ofrecer los Servicios ChateauBleau Inn, Inc..<\/b><\/p>\n<p><b>Para permitir la funcionalidad de compartir v\u00eda redes sociales.<\/b><span style=\"font-weight: 400;\"> Si ingresas en los Servicios ChateauBleau Inn, Inc. mediante una red social o ligas una cuenta de red social con los Servicios ChateauBleau Inn, Inc., podemos compartir tu nombre de usuario, imagen y expresiones de \u201cMe gusta\u201d (\u201c<\/span><i><span style=\"font-weight: 400;\">likes<\/span><\/i><span style=\"font-weight: 400;\">\u201d si tu sistema est\u00e1 en ingl\u00e9s), al igual que tus actividades y comentarios con tus amistades asociadas con dicha red social. Tambi\u00e9n podemos compartir la misma informaci\u00f3n con el proveedor de dicha red social. Al ingresar mediante o ligar una red social con los Servicios ChateauBleau Inn, Inc., nos autorizas a compartir informaci\u00f3n tu informaci\u00f3n con el proveedor de dicha red social, otros usuarios y tus amistades y comprendes que el uso de dicha informaci\u00f3n compartida ser\u00e1 gobernado por la pol\u00edtica de privacidad de dicha red social. Si no quieres que se comparta tu informaci\u00f3n de esta manera, no ligues tu cuenta de red social con la de tus Servicios ChateauBleau Inn, Inc. y no uses la opci\u00f3n de compartir v\u00eda redes sociales con los Servicios ChateauBleau Inn, Inc..<\/span><\/p>\n<p><b>Para poder brindar anuncios publicitarios relevantes.<\/b><span style=\"font-weight: 400;\"> ChateauBleau Inn, Inc. y nuestros proveedores de servicios pueden utilizar la informaci\u00f3n que recogemos, tuya y acerca de ti, para brindarte anuncios publicitarios relevantes cuando utilizas los Servicios ChateauBleau Inn, Inc. u otros. Tal como se aclar\u00f3 anteriormente, las redes de publicidad y anunciantes independientes pueden usar galletas inform\u00e1ticas y tecnolog\u00edas similares para recoger y rastrear informaci\u00f3n demogr\u00e1fica, intereses inferidos, informaci\u00f3n agregada y actividades para ayudarlos a brindarte publicidad m\u00e1s relevante para tus intereses. Para averiguar m\u00e1s sobre las redes de publicidad independientes y entidades similares que usan estas tecnolog\u00edas, visita <\/span><a href=\"http:\/\/aboutads.info\/\" target=\"_blank\" rel=\"noopener\"><span style=\"font-weight: 400;\">aboutads.info<\/span><\/a><span style=\"font-weight: 400;\"> (en ingl\u00e9s). Para darte de baja de dichas pr\u00e1cticas, visita <\/span><a href=\"http:\/\/aboutads.info\/choices\" target=\"_blank\" rel=\"noopener\"><span style=\"font-weight: 400;\">aboutads.info\/choices<\/span><\/a><span style=\"font-weight: 400;\"> (en ingl\u00e9s). ChateauBleau Inn, Inc. se gu\u00eda de acuerdo con los principios de autorregulaci\u00f3n de la <\/span><i><span style=\"font-weight: 400;\">Digital Advertising Alliance\u2019s Self-Regulatory Principles<\/span><\/i><span style=\"font-weight: 400;\"> (Alianza de Publicidad Digital).<\/span><\/p>\n<p><b>Para comunicarnos contigo.<\/b><span style=\"font-weight: 400;\"> En ocasiones, ChateauBleau Inn, Inc. puede enviarte notificaciones o promociones relacionadas a los Servicios ChateauBleau Inn, Inc.. Si quieres dejar de recibir informaci\u00f3n promocional, puedes seguir las instrucciones para desubscribirte que se encuentra al final de cada mensaje que te llega por correo electr\u00f3nico. Hay ciertas notificaciones de las cuales no es posible desubribirte, tales como las notificaciones de cambios en los Servicios ChateauBleau Inn, Inc. o sus pol\u00edticas. Si has instalado una aplicaci\u00f3n m\u00f3vil y quieres dejar de recibir notificaciones, puedes cambiar los ajustes bien sea en los generales del aparato o en dicha aplicaci\u00f3n.<\/span><\/p>\n<p><b>Para compartir con nuestros Afiliados ChateauBleau Inn, Inc.<\/b><span style=\"font-weight: 400;\"> ChateauBleau Inn, Inc. <\/span>puede compartir tu informaci\u00f3n con los Afiliados ChateauBleau Inn, Inc. para los prop\u00f3sitos descritos en esta Pol\u00edtica de Privacidad. Los usuarios que visitan los servicios de las Empresas Afiliadas deber\u00edan consultar sus pol\u00edticas de privacidad independientes, que pueden ser diferentes en algunos aspectos de los de esta Pol\u00edtica de Privacidad.<\/p>\n<p><b>Para compartir con socios comerciales.<\/b><span style=\"font-weight: 400;\"> ChateauBleau Inn, Inc. puede compartir tu informaci\u00f3n con sus socios comerciales para permitir que te env\u00eden comunicados de mercadeo congruentes con tus elecciones.<\/span><\/p>\n<p><b>Para proteger los derechos de ChateauBleau Inn, Inc. y de otros.<\/b><span style=\"font-weight: 400;\"> Puede haber instancias donde ChateauBleau Inn, Inc. puede divulgar tu informaci\u00f3n, incluyendo situaciones en las cuales ChateauBleau Inn, Inc. tiene una creencia de buena fe que dicha divulgaci\u00f3n es necesaria para: (i) proteger, hacer cumplir o defender los derechos legales, privacidad, seguridad o propiedad de ChateauBleau Inn, Inc., de nuestros Afiliados ChateauBleau Inn, Inc. o sus empleados, agentes o contratistas; (ii) proteger la seguridad, privacidad y seguridad de usuarios de los Servicios ChateauBleau Inn, Inc. o miembros del p\u00fablico; (iii) proteger contra fraude o motivos de gesti\u00f3n de riesgos; (iv) cumplir con la ley o el proceso legal o (v) responder a las solicitudes de autoridades p\u00fablicas y gubernamentales.<\/span><\/p>\n<p><b>Para completar una fusi\u00f3n o venta de activos.<\/b><span style=\"font-weight: 400;\"> Si ChateauBleau Inn, Inc. llega a vender parte o todo su empresa o hace una venta o transfiere sus activos o se encuentra de otra manera en una fusi\u00f3n de todo una parte importante de su negocio, ChateauBleau Inn, Inc. puede transferir tu informaci\u00f3n a la parte o partes involucradas con la transacci\u00f3n como parte de la misma.<\/span><\/p>\n<h2><span style=\"font-weight: 400;\">Seguridad<\/span><\/h2>\n<p><span style=\"font-weight: 400;\">ChateauBleau Inn, Inc. emplea medidas administrativas, t\u00e9cnicas, humanas y f\u00edsicas, comercialmente razonables, para salvaguardar la informaci\u00f3n y propiedad intelectual que tiene en su poder contra la p\u00e9rdida, robo y uso no autorizado, divulgaci\u00f3n o modificaci\u00f3n.<\/span><\/p>\n<h2><span style=\"font-weight: 400;\">Acceso y control del usuario<\/span><\/h2>\n<p><span style=\"font-weight: 400;\">Si quisieras acceder, repasar, corregir, actualizar, suprimir o de otra forma limitar nuestro uso de tu informaci\u00f3n personal que nos hayas suministrado previamente, puedes contactarnos como se menciona en la Secci\u00f3n 7. Con tu solicitud, favor incluir tu correo electr\u00f3nico, nombre, direcci\u00f3n y n\u00famero de tel\u00e9fono y aclarar qu\u00e9 informaci\u00f3n deseas acceder, cambiar, actualizar o suprimir. Haremos lo posible para cumplir con tu solicitud tan pronto como sea razonablemente pr\u00e1ctico.<\/span><\/p>\n<p><span style=\"font-weight: 400;\">Te damos muchas opciones sobre nuestro uso y divulgaci\u00f3n de tu informaci\u00f3n personal para fines de mercadeo. Puedes darte de baja de:<\/span><\/p>\n<p><b>Recibir comunicaci\u00f3n electr\u00f3nica de nosotros:<\/b><span style=\"font-weight: 400;\"> Si ya no quieres recibir m\u00e1s comunicados de mercadeo, puedes darte de baja al seguir las instrucciones de desuscribir que se encuentran al final de cada mensaje.<\/span><\/p>\n<p><b>Cancelar tu cuenta.<\/b><span style=\"font-weight: 400;\"> Para cancelar tu cuenta, comun\u00edcate v\u00eda correo electr\u00f3nico, con el asunto, \u201cBorren mi cuenta\u201d incluyendo la direcci\u00f3n de correo electr\u00f3nico con la cual creaste la cuenta (si es diferente al remitente de la cual env\u00edas el mensaje). Recuerda que inclusive de cancelar una cuenta, ciertas copias de informaci\u00f3n podr\u00edan quedar visible en ciertas circunstancias \u2013 donde, por ejemplo, has compartido informaci\u00f3n con una aplicaci\u00f3n o sitio web independiente. Tambi\u00e9n retenemos informaci\u00f3n en copias de respaldo relacionada a tu cuenta por un lapso despu\u00e9s de una cancelaci\u00f3n por motivos de detectar fraude o para cumplir con las leyes o por nuestra pol\u00edtica de seguridad. Debido a la naturaleza de la tecnolog\u00eda de la memoria cach\u00e9, tu cuenta podr\u00eda no estar inaccesible al instante para otros y puede haber una demora en la eliminaci\u00f3n de contenido de otras partes de la Internet y de motores de b\u00fasqueda.<\/span><\/p>\n<h2><span style=\"font-weight: 400;\">Otra informaci\u00f3n importante<\/span><\/h2>\n<p><b>Actualizaciones a nuestra Pol\u00edtica de Privacidad.<\/b><span style=\"font-weight: 400;\"> ChateauBleau Inn, Inc. puede modificar esta Pol\u00edtica de Privacidad. Esta Pol\u00edtica de Privacidad fue actualizada m\u00e1s recientemente el 14 de junio del 2023. Cualquier cambio en dicha Pol\u00edtica de Privacidad se har\u00e1 efectiva al publicarse dicha Pol\u00edtica de Privacidad actualizada en los Servicios ChateauBleau Inn, Inc..<\/span><\/p>\n<p><b>Ubicaci\u00f3n de datos.<\/b><span style=\"font-weight: 400;\"> Los Servicios ChateauBleau Inn, Inc. se hospedan y se gestionan desde los Estados Unidos. Si eres un usuario ubicado fuera de los Estados Unidos, comprendes esto y aceptas tener tu informaci\u00f3n personal procesada en los Estados Unidos. La protecci\u00f3n de datos de los Estados Unidos y otras leyes relevantes pueden no ser las mismas que las de su jurisdicci\u00f3n. Esto incluye el uso de las galletas inform\u00e1ticas (\u201c<\/span><i><span style=\"font-weight: 400;\">cookies<\/span><\/i><span style=\"font-weight: 400;\">\u201d) y otras tecnolog\u00edas de rastreo descritas anteriormente. Como consecuencia, debes leer esta Pol\u00edtica de Privacidad con cuidado.<\/span><\/p>\n<p><b>Servicios enlazados.<\/b><span style=\"font-weight: 400;\"> Los Servicios ChateauBleau Inn, Inc. tambi\u00e9n pueden enlazarse con sitios operados por empresas no afiliadas y pueden llevar anuncios publicitarios y otro contenido, funcionalidad, juegos, boletines, concursos o aplicaciones desarrolladas por empresas no afiliadas. ChateauBleau Inn, Inc. es responsable de las pr\u00e1cticas de privacidad de empresas no afiliadas. En el instante que salgas de los Servicios ChateauBleau Inn, Inc. o pinches un anuncio publicitario, deber\u00edas investigar la pol\u00edtica de privacidad del servicio ajeno.<\/span><\/p>\n<p><b>Retenci\u00f3n de datos.<\/b><span style=\"font-weight: 400;\"> Retendremos tu informaci\u00f3n durante el per\u00edodo necesario para cumplir con los fines descritos en esta Pol\u00edtica de Privacidad, a menos que la ley exija o permita un per\u00edodo de retenci\u00f3n m\u00e1s largo.<\/span><\/p>\n<p><span style=\"font-weight: 400;\">Recuerda que inclusive despu\u00e9s de cancelar tu cuenta, copias de cierta informaci\u00f3n de tu cuenta pueden permanecer visible en ciertas circunstancias donde, por ejemplo, tienes informaci\u00f3n compartida con redes sociales u otros servicios. Debido a la naturaleza de la memoria cach\u00e9, tu cuenta podr\u00eda no estar inaccesible para otros al instante. Tambi\u00e9n podemos retener informaci\u00f3n en copias de respaldo relacionada a tu cuenta en nuestros servidores durante un tiempo despu\u00e9s de la cancelaci\u00f3n, por motivos de detecci\u00f3n de fraude con la ley o con nuestra pol\u00edtica interna de seguridad. No es posible siempre de eliminar o borrar toda tu informaci\u00f3n por limitaciones t\u00e9cnicas, contractuales, financieras o requisitos legales.<\/span><\/p>\n<p><b>Informaci\u00f3n confidencial.<\/b><span style=\"font-weight: 400;\"> Te rogamos que no nos env\u00edes y que no divulgues ninguna informaci\u00f3n personal confidencial (ej. n\u00fameros de seguro social, informaci\u00f3n original racial o \u00e9tica, opini\u00f3n pol\u00edtica, religi\u00f3n u otra creencia, salud personal, antecedentes criminales o membres\u00eda en sindicatos) en o v\u00eda los Servicios ChateauBleau Inn, Inc. o de otra forma.<\/span><\/p>\n<h2><span style=\"font-weight: 400;\">Comunicaci\u00f3n con nosotros<\/span><\/h2>\n<p><span style=\"font-weight: 400;\">Si tienes preguntas sobre esta Pol\u00edtica de Privacidad, comun\u00edcate v\u00eda <\/span><a href=\"https:\/\/hotelchateaubleau.com\/contact\/\"><span style=\"font-weight: 400;\">correo electr\u00f3nico<\/span><\/a><span style=\"font-weight: 400;\"> o correo postal a:<\/span><\/p>\n<p><span style=\"font-weight: 400;\">ChateauBleau Inn, Inc.<\/span><span style=\"font-weight: 400;\"><br \/>\n<\/span><span style=\"font-weight: 400;\">1111 Ponce de Le\u00f3n Blvd<\/span><span style=\"font-weight: 400;\"><br \/>\n<\/span><span style=\"font-weight: 400;\">Coral Gables FL 33134<\/span><span style=\"font-weight: 400;\"><br \/>\n<\/span><span style=\"font-weight: 400;\">US<\/span><\/p>\n<p><span style=\"font-weight: 400;\">Atenci\u00f3n: Departamento legal<\/span><\/p>\n<p>&nbsp;<\/p>\n","protected":false},"excerpt":{"rendered":"<p>Introducci\u00f3n ChateauBleau Inn, Inc. es una empresa de la Florida, Estados Unidos, establecida por en 1984. ChateauBleau Inn, Inc. (incluyendo Hotel ChateauBleau, HotelChateauBleau.com y otros sitios web relacionados, ej. CastilloBelloAzul.com, MylosCoralGables.com, MylosGabletesCoralinos.com y MylosGreekRestaurant.com) quieren que est\u00e9s familiarizad@ con la &hellip; <a href=\"https:\/\/hotelchateaubleau.com\/es\/politica-de-privacidad-y-galletas-informaticas\/\">Continuar<\/a><\/p>\n","protected":false},"author":1,"featured_media":0,"parent":0,"menu_order":0,"comment_status":"closed","ping_status":"closed","template":"","meta":{"footnotes":""},"class_list":["post-1520","page","type-page","status-publish","hentry"],"_links":{"self":[{"href":"https:\/\/hotelchateaubleau.com\/es\/wp-json\/wp\/v2\/pages\/1520","targetHints":{"allow":["GET"]}}],"collection":[{"href":"https:\/\/hotelchateaubleau.com\/es\/wp-json\/wp\/v2\/pages"}],"about":[{"href":"https:\/\/hotelchateaubleau.com\/es\/wp-json\/wp\/v2\/types\/page"}],"author":[{"embeddable":true,"href":"https:\/\/hotelchateaubleau.com\/es\/wp-json\/wp\/v2\/users\/1"}],"replies":[{"embeddable":true,"href":"https:\/\/hotelchateaubleau.com\/es\/wp-json\/wp\/v2\/comments?post=1520"}],"version-history":[{"count":5,"href":"https:\/\/hotelchateaubleau.com\/es\/wp-json\/wp\/v2\/pages\/1520\/revisions"}],"predecessor-version":[{"id":4434,"href":"https:\/\/hotelchateaubleau.com\/es\/wp-json\/wp\/v2\/pages\/1520\/revisions\/4434"}],"wp:attachment":[{"href":"https:\/\/hotelchateaubleau.com\/es\/wp-json\/wp\/v2\/media?parent=1520"}],"curies":[{"name":"wp","href":"https:\/\/api.w.org\/{rel}","templated":true}]}}