{"id":1518,"date":"2019-09-08T18:03:29","date_gmt":"2019-09-08T22:03:29","guid":{"rendered":"https:\/\/hotelchateaubleau.com\/?page_id=1518"},"modified":"2022-02-28T16:24:46","modified_gmt":"2022-02-28T21:24:46","slug":"habitaciones","status":"publish","type":"page","link":"https:\/\/hotelchateaubleau.com\/es\/habitaciones\/","title":{"rendered":"Habitaciones"},"content":{"rendered":"<p><img loading=\"lazy\" decoding=\"async\" class=\"alignleft size-full wp-image-207\" src=\"https:\/\/hotelchateaubleau.com\/wp-content\/uploads\/2016\/09\/hab11_panorama.jpg\" alt=\"\" width=\"800\" height=\"337\" srcset=\"https:\/\/hotelchateaubleau.com\/wp-content\/uploads\/2016\/09\/hab11_panorama.jpg 800w, https:\/\/hotelchateaubleau.com\/wp-content\/uploads\/2016\/09\/hab11_panorama-300x126.jpg 300w, https:\/\/hotelchateaubleau.com\/wp-content\/uploads\/2016\/09\/hab11_panorama-768x324.jpg 768w\" sizes=\"auto, (max-width: 800px) 100vw, 800px\" \/><\/p>\n<p>&nbsp;<\/p>\n<p>&nbsp;<\/p>\n<p>&nbsp;<\/p>\n<p>&nbsp;<\/p>\n<p>&nbsp;<\/p>\n<p>&nbsp;<\/p>\n<p>&nbsp;<\/p>\n<p>&nbsp;<\/p>\n<p>&nbsp;<\/p>\n<p>&nbsp;<\/p>\n<p>&nbsp;<\/p>\n<p>&nbsp;<\/p>\n<p>Muchas de nuestras habitaciones incluyen balcones, que cuentan con una vista de nuestra \u00e1rea de piscina o nuestro entorno hist\u00f3rico.<\/p>\n<p>Nuestras habitaciones incluyen WiFi, nevera, planchas y tablas de planchar, secadores de cabello, cafeteras con caf\u00e9 de cortes\u00eda, caja de seguridad accesible y, lo m\u00e1s importante, \u00a1limpieza!<\/p>\n<p>ADVERTENCIA: No siempre tenemos disponibles las camas tama\u00f1o <em>queen<\/em>.<\/p>\n<p><img loading=\"lazy\" decoding=\"async\" class=\"alignleft size-full wp-image-210\" src=\"https:\/\/hotelchateaubleau.com\/wp-content\/uploads\/2016\/09\/hab7_vertical.jpg\" alt=\"\" width=\"534\" height=\"800\" srcset=\"https:\/\/hotelchateaubleau.com\/wp-content\/uploads\/2016\/09\/hab7_vertical.jpg 534w, https:\/\/hotelchateaubleau.com\/wp-content\/uploads\/2016\/09\/hab7_vertical-200x300.jpg 200w\" sizes=\"auto, (max-width: 534px) 100vw, 534px\" \/><\/p>\n<p>&nbsp;<\/p>\n<p>&nbsp;<\/p>\n<p>&nbsp;<\/p>\n<p>&nbsp;<\/p>\n<p>&nbsp;<\/p>\n<p>&nbsp;<\/p>\n<p>&nbsp;<\/p>\n<p>&nbsp;<\/p>\n<p>&nbsp;<\/p>\n<p>&nbsp;<\/p>\n<p>&nbsp;<\/p>\n<p>&nbsp;<\/p>\n<p>&nbsp;<\/p>\n<p>&nbsp;<\/p>\n<p>&nbsp;<\/p>\n<p>&nbsp;<\/p>\n<p>&nbsp;<\/p>\n<p>&nbsp;<\/p>\n<p>&nbsp;<\/p>\n<p>&nbsp;<\/p>\n<p><video autoplay=\"autoplay\" loop=\"loop\" width=\"320\" height=\"240\" data-mce-fragment=\"1\"><source src=\"https:\/\/hotelchateaubleau.com\/wp-content\/uploads\/2016\/09\/rooms.mp4\" type=\"video\/mp4\" \/><\/video><\/p>\n","protected":false},"excerpt":{"rendered":"<p>&nbsp; &nbsp; &nbsp; &nbsp; &nbsp; &nbsp; &nbsp; &nbsp; &nbsp; &nbsp; &nbsp; &nbsp; Muchas de nuestras habitaciones incluyen balcones, que cuentan con una vista de nuestra \u00e1rea de piscina o nuestro entorno hist\u00f3rico. Nuestras habitaciones incluyen WiFi, nevera, planchas y tablas &hellip; <a href=\"https:\/\/hotelchateaubleau.com\/es\/habitaciones\/\">Continuar<\/a><\/p>\n","protected":false},"author":1,"featured_media":0,"parent":0,"menu_order":0,"comment_status":"closed","ping_status":"closed","template":"page-fullwidth.php","meta":{"footnotes":""},"class_list":["post-1518","page","type-page","status-publish","hentry"],"_links":{"self":[{"href":"https:\/\/hotelchateaubleau.com\/es\/wp-json\/wp\/v2\/pages\/1518","targetHints":{"allow":["GET"]}}],"collection":[{"href":"https:\/\/hotelchateaubleau.com\/es\/wp-json\/wp\/v2\/pages"}],"about":[{"href":"https:\/\/hotelchateaubleau.com\/es\/wp-json\/wp\/v2\/types\/page"}],"author":[{"embeddable":true,"href":"https:\/\/hotelchateaubleau.com\/es\/wp-json\/wp\/v2\/users\/1"}],"replies":[{"embeddable":true,"href":"https:\/\/hotelchateaubleau.com\/es\/wp-json\/wp\/v2\/comments?post=1518"}],"version-history":[{"count":6,"href":"https:\/\/hotelchateaubleau.com\/es\/wp-json\/wp\/v2\/pages\/1518\/revisions"}],"predecessor-version":[{"id":3526,"href":"https:\/\/hotelchateaubleau.com\/es\/wp-json\/wp\/v2\/pages\/1518\/revisions\/3526"}],"wp:attachment":[{"href":"https:\/\/hotelchateaubleau.com\/es\/wp-json\/wp\/v2\/media?parent=1518"}],"curies":[{"name":"wp","href":"https:\/\/api.w.org\/{rel}","templated":true}]}}