{"id":1503,"date":"2019-09-08T17:12:01","date_gmt":"2019-09-08T21:12:01","guid":{"rendered":"https:\/\/hotelchateaubleau.com\/?page_id=1503"},"modified":"2020-04-29T07:41:07","modified_gmt":"2020-04-29T11:41:07","slug":"historia","status":"publish","type":"page","link":"https:\/\/hotelchateaubleau.com\/es\/historia\/","title":{"rendered":"Historia"},"content":{"rendered":"<p>Conceptualizado por el empresario George Merrick, la ciudad de Coral Gables (que se traduce como Gabletes Coralinos) se convirti\u00f3 en la segunda ciudad planificada de los Estados Unidos. Reclutando la ayuda de luminarias como William Jennings Bryan, el se\u00f1or Merrick realiz\u00f3 su sue\u00f1o de combinar un exuberante paisaje con arquitectura tem\u00e1tica espa\u00f1ola y morisca para crear el sabor distintivo de este destino favorecido por los viajeros internacionales. Desde las grandes e ilustres entradas y entre numerosas tiendas <em>boutique<\/em> se encuentra la hist\u00f3rica piscina veneciana, el Museo Vizcaya y la Universidad de Miami.<\/p>\n<figure id=\"attachment_2363\" class=\"thumbnail wp-caption aligncenter\" style=\"width: 600px\"><img loading=\"lazy\" decoding=\"async\" class=\"size-full wp-image-2363\" src=\"https:\/\/hotelcastillobelloazul.com\/wp-content\/uploads\/2020\/04\/Hotel-Antilla.jpg\" alt=\"\" width=\"600\" height=\"400\" srcset=\"https:\/\/hotelchateaubleau.com\/wp-content\/uploads\/2020\/04\/Hotel-Antilla.jpg 600w, https:\/\/hotelchateaubleau.com\/wp-content\/uploads\/2020\/04\/Hotel-Antilla-300x200.jpg 300w\" sizes=\"auto, (max-width: 600px) 100vw, 600px\" \/><figcaption class=\"caption wp-caption-text\">Foto del Hotel Antilla cortes\u00eda de los Archivos Estatales de la Florida<\/figcaption><\/figure>\n<p>&nbsp;<\/p>\n<p>Anticipando el reconocimiento del destino \u00fanico que Merrick hab\u00eda creado, aproximadamente en 1920 naci\u00f3 el Hotel Antilla y se convirti\u00f3 en el primer hotel en la historia de Coral Gables. Sirviendo tanto como destino tur\u00edstico como vivienda temporal para futuros colonos, el Hotel Antilla fue el ep\u00edtome del exuberante paisaje y arquitectura hist\u00f3rica de la ciudad. El \u00e9xito del Antilla llev\u00f3 a Merrick a imaginar un complejo inmaculado, centrado y visto desde kil\u00f3metros de distancia. Dos a\u00f1os despu\u00e9s, naci\u00f3 el majestuoso Hotel Biltmore.<\/p>\n<p>A medida que aument\u00f3 la demanda tur\u00edstica y se modificaron las preferencias de los clientes, se construy\u00f3 el Hotel ChateauBleau en el mismo lugar donde hab\u00eda estado el Antilla. Estrat\u00e9gicamente, los propietarios reconocieron la necesidad de los consumidores de un hotel eficiente con sede cerca del Aeropuerto Internacional de Miami que elegir\u00edan la opci\u00f3n de permanecer cerca de un floreciente centro de Miami, mientras se hospedan en Coral Gables. Con un estilo europeo dentro de las habitaciones y comodidades que atraen a la clientela estadounidense e internacional, el Hotel ChateauBleau se convirti\u00f3 r\u00e1pidamente en una opci\u00f3n popular para los hu\u00e9spedes que visitan el sur de la Florida a corto y largo plazo.<\/p>\n","protected":false},"excerpt":{"rendered":"<p>Conceptualizado por el empresario George Merrick, la ciudad de Coral Gables (que se traduce como Gabletes Coralinos) se convirti\u00f3 en la segunda ciudad planificada de los Estados Unidos. Reclutando la ayuda de luminarias como William Jennings Bryan, el se\u00f1or Merrick &hellip; <a href=\"https:\/\/hotelchateaubleau.com\/es\/historia\/\">Continuar<\/a><\/p>\n","protected":false},"author":1,"featured_media":0,"parent":0,"menu_order":0,"comment_status":"closed","ping_status":"closed","template":"","meta":{"footnotes":""},"class_list":["post-1503","page","type-page","status-publish","hentry"],"_links":{"self":[{"href":"https:\/\/hotelchateaubleau.com\/es\/wp-json\/wp\/v2\/pages\/1503","targetHints":{"allow":["GET"]}}],"collection":[{"href":"https:\/\/hotelchateaubleau.com\/es\/wp-json\/wp\/v2\/pages"}],"about":[{"href":"https:\/\/hotelchateaubleau.com\/es\/wp-json\/wp\/v2\/types\/page"}],"author":[{"embeddable":true,"href":"https:\/\/hotelchateaubleau.com\/es\/wp-json\/wp\/v2\/users\/1"}],"replies":[{"embeddable":true,"href":"https:\/\/hotelchateaubleau.com\/es\/wp-json\/wp\/v2\/comments?post=1503"}],"version-history":[{"count":5,"href":"https:\/\/hotelchateaubleau.com\/es\/wp-json\/wp\/v2\/pages\/1503\/revisions"}],"predecessor-version":[{"id":2378,"href":"https:\/\/hotelchateaubleau.com\/es\/wp-json\/wp\/v2\/pages\/1503\/revisions\/2378"}],"wp:attachment":[{"href":"https:\/\/hotelchateaubleau.com\/es\/wp-json\/wp\/v2\/media?parent=1503"}],"curies":[{"name":"wp","href":"https:\/\/api.w.org\/{rel}","templated":true}]}}