{"id":1491,"date":"2019-09-08T16:38:39","date_gmt":"2019-09-08T20:38:39","guid":{"rendered":"https:\/\/hotelchateaubleau.com\/?page_id=1491"},"modified":"2025-10-01T11:05:43","modified_gmt":"2025-10-01T15:05:43","slug":"inicio","status":"publish","type":"page","link":"https:\/\/hotelchateaubleau.com\/es\/","title":{"rendered":"Inicio"},"content":{"rendered":"<p>Un hito hist\u00f3rico actualizado, el <strong>Hotel ChateauBleau<\/strong> (que se traduce como <a href=\"https:\/\/hotelcastillobelloazul.com\/la-grafia-unica-del-hotel-chateaubleau\/\" target=\"_blank\" rel=\"noopener\">Castillo BelloAzul<\/a>) est\u00e1 ubicado en el coraz\u00f3n de la ciudad de Coral Gables en el condado de Miami-Dade en la Florida (Estados Unidos), adyacente a la ciudad de Miami. Estamos orgullosos de la lealtad duradera de nuestros hu\u00e9spedes y el apoyo continuo. Nuestra reputaci\u00f3n se bas\u00f3 en la comodidad, la serenidad y la ubicaci\u00f3n. Estamos a s\u00f3lo once minutos del Aeropuerto Internacional de Miami (MIA), adem\u00e1s de estar cerca de Brickell y los principales distritos financieros, as\u00ed como de las opciones de entretenimiento de Miami y Coral Gables. Nuestro propio restaurante y bar Mylos es el lugar perfecto para que cada viajero pruebe la cocina griega e internacional casera o disfrute de una relajante bebida o trago despu\u00e9s de un duro d\u00eda de trabajo.<\/p>\n<p style=\"text-align: center;\"><img loading=\"lazy\" decoding=\"async\" class=\"alignleft size-full wp-image-269\" src=\"https:\/\/hotelchateaubleau.com\/wp-content\/uploads\/2016\/09\/Entrada_horizontal.jpg\" alt=\"\" width=\"4800\" height=\"3200\" srcset=\"https:\/\/hotelchateaubleau.com\/wp-content\/uploads\/2016\/09\/Entrada_horizontal.jpg 4800w, https:\/\/hotelchateaubleau.com\/wp-content\/uploads\/2016\/09\/Entrada_horizontal-300x200.jpg 300w, https:\/\/hotelchateaubleau.com\/wp-content\/uploads\/2016\/09\/Entrada_horizontal-768x512.jpg 768w, https:\/\/hotelchateaubleau.com\/wp-content\/uploads\/2016\/09\/Entrada_horizontal-1024x683.jpg 1024w\" sizes=\"auto, (max-width: 4800px) 100vw, 4800px\" \/><\/p>\n<p><img loading=\"lazy\" decoding=\"async\" class=\"alignleft size-full wp-image-218\" src=\"https:\/\/hotelchateaubleau.com\/wp-content\/uploads\/2016\/09\/exterior_3.jpg\" alt=\"\" width=\"800\" height=\"534\" srcset=\"https:\/\/hotelchateaubleau.com\/wp-content\/uploads\/2016\/09\/exterior_3.jpg 800w, https:\/\/hotelchateaubleau.com\/wp-content\/uploads\/2016\/09\/exterior_3-300x200.jpg 300w, https:\/\/hotelchateaubleau.com\/wp-content\/uploads\/2016\/09\/exterior_3-768x513.jpg 768w\" sizes=\"auto, (max-width: 800px) 100vw, 800px\" \/><br \/>\n<video autoplay=\"autoplay\" loop=\"loop\" width=\"320\" height=\"240\" data-mce-fragment=\"1\"><source src=\"https:\/\/hotelchateaubleau.com\/wp-content\/uploads\/2016\/09\/home_pics.mp4\" type=\"video\/mp4\" \/><\/video><\/p>\n","protected":false},"excerpt":{"rendered":"<p>Un hito hist\u00f3rico actualizado, el Hotel ChateauBleau (que se traduce como Castillo BelloAzul) est\u00e1 ubicado en el coraz\u00f3n de la ciudad de Coral Gables en el condado de Miami-Dade en la Florida (Estados Unidos), adyacente a la ciudad de Miami. &hellip; <a href=\"https:\/\/hotelchateaubleau.com\/es\/\">Continuar<\/a><\/p>\n","protected":false},"author":1,"featured_media":0,"parent":0,"menu_order":0,"comment_status":"closed","ping_status":"closed","template":"","meta":{"footnotes":""},"class_list":["post-1491","page","type-page","status-publish","hentry"],"_links":{"self":[{"href":"https:\/\/hotelchateaubleau.com\/es\/wp-json\/wp\/v2\/pages\/1491","targetHints":{"allow":["GET"]}}],"collection":[{"href":"https:\/\/hotelchateaubleau.com\/es\/wp-json\/wp\/v2\/pages"}],"about":[{"href":"https:\/\/hotelchateaubleau.com\/es\/wp-json\/wp\/v2\/types\/page"}],"author":[{"embeddable":true,"href":"https:\/\/hotelchateaubleau.com\/es\/wp-json\/wp\/v2\/users\/1"}],"replies":[{"embeddable":true,"href":"https:\/\/hotelchateaubleau.com\/es\/wp-json\/wp\/v2\/comments?post=1491"}],"version-history":[{"count":10,"href":"https:\/\/hotelchateaubleau.com\/es\/wp-json\/wp\/v2\/pages\/1491\/revisions"}],"predecessor-version":[{"id":1493,"href":"https:\/\/hotelchateaubleau.com\/es\/wp-json\/wp\/v2\/pages\/1491\/revisions\/1493"}],"wp:attachment":[{"href":"https:\/\/hotelchateaubleau.com\/es\/wp-json\/wp\/v2\/media?parent=1491"}],"curies":[{"name":"wp","href":"https:\/\/api.w.org\/{rel}","templated":true}]}}